{"id":1675,"date":"2022-03-22T14:02:16","date_gmt":"2022-03-22T13:02:16","guid":{"rendered":"https:\/\/www.fiposor.si\/legal-notice\/"},"modified":"2022-03-22T14:54:10","modified_gmt":"2022-03-22T13:54:10","slug":"legal-notice","status":"publish","type":"page","link":"https:\/\/www.fiposor.si\/en\/legal-notice\/","title":{"rendered":"Legal Notice"},"content":{"rendered":"\t\t<div data-elementor-type=\"wp-page\" data-elementor-id=\"1675\" class=\"elementor elementor-1675 elementor-654\" data-elementor-post-type=\"page\">\n\t\t\t\t\t\t<section class=\"elementor-section elementor-top-section elementor-element elementor-element-42600ae elementor-section-boxed elementor-section-height-default elementor-section-height-default\" data-id=\"42600ae\" data-element_type=\"section\">\n\t\t\t\t\t\t<div class=\"elementor-container elementor-column-gap-default\">\n\t\t\t\t\t<div class=\"elementor-column elementor-col-100 elementor-top-column elementor-element elementor-element-7ccfee7\" data-id=\"7ccfee7\" data-element_type=\"column\">\n\t\t\t<div class=\"elementor-widget-wrap elementor-element-populated\">\n\t\t\t\t\t\t<div class=\"elementor-element elementor-element-226656b elementor-widget elementor-widget-template\" data-id=\"226656b\" data-element_type=\"widget\" data-widget_type=\"template.default\">\n\t\t\t\t<div class=\"elementor-widget-container\">\n\t\t\t\t\t<div class=\"elementor-template\">\n\t\t\t\t\t<div data-elementor-type=\"section\" data-elementor-id=\"1734\" class=\"elementor elementor-1734 elementor-187\" data-elementor-post-type=\"elementor_library\">\n\t\t\t\t\t<section class=\"elementor-section elementor-top-section elementor-element elementor-element-6e8f5c81 elementor-section-full_width elementor-section-height-default elementor-section-height-default\" data-id=\"6e8f5c81\" data-element_type=\"section\">\n\t\t\t\t\t\t<div class=\"elementor-container elementor-column-gap-default\">\n\t\t\t\t\t<div class=\"elementor-column elementor-col-100 elementor-top-column elementor-element elementor-element-70aaab9a\" data-id=\"70aaab9a\" data-element_type=\"column\">\n\t\t\t<div class=\"elementor-widget-wrap elementor-element-populated\">\n\t\t\t\t\t\t<div class=\"elementor-element elementor-element-1cfa5e00 elementor-widget-divider--view-line elementor-widget elementor-widget-divider\" data-id=\"1cfa5e00\" data-element_type=\"widget\" data-widget_type=\"divider.default\">\n\t\t\t\t<div class=\"elementor-widget-container\">\n\t\t\t<style>\/*! elementor - v3.21.0 - 26-05-2024 *\/\n.elementor-widget-divider{--divider-border-style:none;--divider-border-width:1px;--divider-color:#0c0d0e;--divider-icon-size:20px;--divider-element-spacing:10px;--divider-pattern-height:24px;--divider-pattern-size:20px;--divider-pattern-url:none;--divider-pattern-repeat:repeat-x}.elementor-widget-divider .elementor-divider{display:flex}.elementor-widget-divider .elementor-divider__text{font-size:15px;line-height:1;max-width:95%}.elementor-widget-divider .elementor-divider__element{margin:0 var(--divider-element-spacing);flex-shrink:0}.elementor-widget-divider .elementor-icon{font-size:var(--divider-icon-size)}.elementor-widget-divider .elementor-divider-separator{display:flex;margin:0;direction:ltr}.elementor-widget-divider--view-line_icon .elementor-divider-separator,.elementor-widget-divider--view-line_text .elementor-divider-separator{align-items:center}.elementor-widget-divider--view-line_icon .elementor-divider-separator:after,.elementor-widget-divider--view-line_icon .elementor-divider-separator:before,.elementor-widget-divider--view-line_text .elementor-divider-separator:after,.elementor-widget-divider--view-line_text .elementor-divider-separator:before{display:block;content:\"\";border-block-end:0;flex-grow:1;border-block-start:var(--divider-border-width) var(--divider-border-style) var(--divider-color)}.elementor-widget-divider--element-align-left .elementor-divider .elementor-divider-separator>.elementor-divider__svg:first-of-type{flex-grow:0;flex-shrink:100}.elementor-widget-divider--element-align-left .elementor-divider-separator:before{content:none}.elementor-widget-divider--element-align-left .elementor-divider__element{margin-left:0}.elementor-widget-divider--element-align-right .elementor-divider .elementor-divider-separator>.elementor-divider__svg:last-of-type{flex-grow:0;flex-shrink:100}.elementor-widget-divider--element-align-right .elementor-divider-separator:after{content:none}.elementor-widget-divider--element-align-right .elementor-divider__element{margin-right:0}.elementor-widget-divider--element-align-start .elementor-divider .elementor-divider-separator>.elementor-divider__svg:first-of-type{flex-grow:0;flex-shrink:100}.elementor-widget-divider--element-align-start .elementor-divider-separator:before{content:none}.elementor-widget-divider--element-align-start .elementor-divider__element{margin-inline-start:0}.elementor-widget-divider--element-align-end .elementor-divider .elementor-divider-separator>.elementor-divider__svg:last-of-type{flex-grow:0;flex-shrink:100}.elementor-widget-divider--element-align-end .elementor-divider-separator:after{content:none}.elementor-widget-divider--element-align-end .elementor-divider__element{margin-inline-end:0}.elementor-widget-divider:not(.elementor-widget-divider--view-line_text):not(.elementor-widget-divider--view-line_icon) .elementor-divider-separator{border-block-start:var(--divider-border-width) var(--divider-border-style) var(--divider-color)}.elementor-widget-divider--separator-type-pattern{--divider-border-style:none}.elementor-widget-divider--separator-type-pattern.elementor-widget-divider--view-line .elementor-divider-separator,.elementor-widget-divider--separator-type-pattern:not(.elementor-widget-divider--view-line) .elementor-divider-separator:after,.elementor-widget-divider--separator-type-pattern:not(.elementor-widget-divider--view-line) .elementor-divider-separator:before,.elementor-widget-divider--separator-type-pattern:not([class*=elementor-widget-divider--view]) .elementor-divider-separator{width:100%;min-height:var(--divider-pattern-height);-webkit-mask-size:var(--divider-pattern-size) 100%;mask-size:var(--divider-pattern-size) 100%;-webkit-mask-repeat:var(--divider-pattern-repeat);mask-repeat:var(--divider-pattern-repeat);background-color:var(--divider-color);-webkit-mask-image:var(--divider-pattern-url);mask-image:var(--divider-pattern-url)}.elementor-widget-divider--no-spacing{--divider-pattern-size:auto}.elementor-widget-divider--bg-round{--divider-pattern-repeat:round}.rtl .elementor-widget-divider .elementor-divider__text{direction:rtl}.e-con-inner>.elementor-widget-divider,.e-con>.elementor-widget-divider{width:var(--container-widget-width,100%);--flex-grow:var(--container-widget-flex-grow)}<\/style>\t\t<div class=\"elementor-divider\">\n\t\t\t<span class=\"elementor-divider-separator\">\n\t\t\t\t\t\t<\/span>\n\t\t<\/div>\n\t\t\t\t<\/div>\n\t\t\t\t<\/div>\n\t\t\t\t\t<\/div>\n\t\t<\/div>\n\t\t\t\t\t<\/div>\n\t\t<\/section>\n\t\t\t\t<\/div>\n\t\t\t\t<\/div>\n\t\t\t\t<\/div>\n\t\t\t\t<\/div>\n\t\t\t\t\t<\/div>\n\t\t<\/div>\n\t\t\t\t\t<\/div>\n\t\t<\/section>\n\t\t\t\t<section class=\"elementor-section elementor-top-section elementor-element elementor-element-542f05c elementor-section-boxed elementor-section-height-default elementor-section-height-default\" data-id=\"542f05c\" data-element_type=\"section\">\n\t\t\t\t\t\t<div class=\"elementor-container elementor-column-gap-default\">\n\t\t\t\t\t<div class=\"elementor-column elementor-col-100 elementor-top-column elementor-element elementor-element-8d16a35\" data-id=\"8d16a35\" data-element_type=\"column\">\n\t\t\t<div class=\"elementor-widget-wrap elementor-element-populated\">\n\t\t\t\t\t\t<div class=\"elementor-element elementor-element-ba547c8 elementor-widget elementor-widget-text-editor\" data-id=\"ba547c8\" data-element_type=\"widget\" data-widget_type=\"text-editor.default\">\n\t\t\t\t<div class=\"elementor-widget-container\">\n\t\t\t<style>\/*! elementor - v3.21.0 - 26-05-2024 *\/\n.elementor-widget-text-editor.elementor-drop-cap-view-stacked .elementor-drop-cap{background-color:#69727d;color:#fff}.elementor-widget-text-editor.elementor-drop-cap-view-framed .elementor-drop-cap{color:#69727d;border:3px solid;background-color:transparent}.elementor-widget-text-editor:not(.elementor-drop-cap-view-default) .elementor-drop-cap{margin-top:8px}.elementor-widget-text-editor:not(.elementor-drop-cap-view-default) .elementor-drop-cap-letter{width:1em;height:1em}.elementor-widget-text-editor .elementor-drop-cap{float:left;text-align:center;line-height:1;font-size:50px}.elementor-widget-text-editor .elementor-drop-cap-letter{display:inline-block}<\/style>\t\t\t\t<h2><strong>Intellectual property rights<\/strong><\/h2>\n<p>For the purposes of this Legal Notice, the Website is a term which includes all web pages at the following web address: <u>www.fiposor<\/u>.si (hereinafter \u201cthe Website\u201d).<\/p>\n<p>The copyright owner of all works of authorship included in any way on the Website is Fiposor d.o.o..<\/p>\n<p>All rights reserved. The user may use the content on the Website solely for his\/her personal, i.e. non-commercial, use. Any other use of the Website content (such as copying, reproduction, distribution, etc.) for commercial purposes is prohibited.&nbsp;<\/p>\n<h2><strong>Restrictions on the use of information and materials<\/strong><\/h2>\n<p>The information and materials displayed on this Website may be downloaded by the user from the server for his\/her personal, home use, without altering any copyright designations, other intellectual property rights notices or other rights notices. It is permitted to download and print information and material for viewing and reading for non-commercial purposes. Any other copying, distribution, republication, modification, emailing or other dissemination of the information and materials of the Website without prior written permission is prohibited. The use of any element of the Website for any purpose other than for strictly personal, non-commercial, domestic use is also prohibited.<\/p>\n<p>Fiposor d.o.o. is not responsible for the design and content of websites in any way related to the website www.fiposor.si. When visiting and using linked websites, the liability of Fiposor d.o.o. is excluded in all cases.<\/p>\n<h2><strong>Limitation of liability<\/strong><\/h2>\n<p>Fiposor d.o.o. will endeavour to ensure that the information on the Website is correct and up-to-date, but neither Fiposor d.o.o nor any other legal or natural person who has been involved in the creation of the Website or who is still involved in the upgrades of the Website can be held liable for ordinary damages or lost profits or non-pecuniary damages that may be incurred by the user as a result of the use of the Website or the inability to use the Website.<\/p>\n<p>Fiposor d.o.o. will endeavour to ensure the smooth operation of the Website, but cannot be held liable for any ordinary damages or lost profits or non-pecuniary damages that may be suffered by the user as a result of the malfunctioning of the Website.<\/p>\n<p>Fiposor d.o.o. may make changes to the Website at any time without prior notice.<\/p>\n<h2><strong>Protection of personal data<\/strong><\/h2>\n<p>Any information obtained by Fiposor d.o.o. in any way through the Website is intended solely for internal use and is protected by Fiposor d.o.o. in accordance with the Personal Data Protection Act (Official Gazette of the Republic of Slovenia No. 94\/2007) and by the Code of Obligations.<\/p>\n<h2><strong>General<\/strong><\/h2>\n<p>Any disputes arising out of the use of the Website shall be governed by Slovenian law. The Court of Koper has jurisdiction to settle any disputes.<\/p>\n<p>By using the Website, the user acknowledges that he\/she has accepted and agreed to the terms and conditions described herein.<\/p>\t\t\t\t\t\t<\/div>\n\t\t\t\t<\/div>\n\t\t\t\t\t<\/div>\n\t\t<\/div>\n\t\t\t\t\t<\/div>\n\t\t<\/section>\n\t\t\t\t<\/div>\n\t\t","protected":false},"excerpt":{"rendered":"<p>Intellectual property rights For the purposes of this Legal Notice, the Website is a term which includes all web pages at the following web address: www.fiposor.si (hereinafter \u201cthe Website\u201d). The copyright owner of all works of authorship included in any way on the Website is Fiposor d.o.o.. All rights reserved. The user may use the [&hellip;]<\/p>\n","protected":false},"author":1,"featured_media":0,"parent":0,"menu_order":0,"comment_status":"closed","ping_status":"closed","template":"","meta":{"site-sidebar-layout":"no-sidebar","site-content-layout":"page-builder","ast-site-content-layout":"","site-content-style":"default","site-sidebar-style":"default","ast-global-header-display":"","ast-banner-title-visibility":"","ast-main-header-display":"","ast-hfb-above-header-display":"","ast-hfb-below-header-display":"","ast-hfb-mobile-header-display":"","site-post-title":"disabled","ast-breadcrumbs-content":"","ast-featured-img":"disabled","footer-sml-layout":"","theme-transparent-header-meta":"default","adv-header-id-meta":"","stick-header-meta":"","header-above-stick-meta":"","header-main-stick-meta":"","header-below-stick-meta":"","astra-migrate-meta-layouts":"default","ast-page-background-enabled":"default","ast-page-background-meta":{"desktop":{"background-color":"","background-image":"","background-repeat":"repeat","background-position":"center center","background-size":"auto","background-attachment":"scroll","background-type":"","background-media":"","overlay-type":"","overlay-color":"","overlay-opacity":"","overlay-gradient":""},"tablet":{"background-color":"","background-image":"","background-repeat":"repeat","background-position":"center center","background-size":"auto","background-attachment":"scroll","background-type":"","background-media":"","overlay-type":"","overlay-color":"","overlay-opacity":"","overlay-gradient":""},"mobile":{"background-color":"","background-image":"","background-repeat":"repeat","background-position":"center center","background-size":"auto","background-attachment":"scroll","background-type":"","background-media":"","overlay-type":"","overlay-color":"","overlay-opacity":"","overlay-gradient":""}},"ast-content-background-meta":{"desktop":{"background-color":"var(--ast-global-color-5)","background-image":"","background-repeat":"repeat","background-position":"center center","background-size":"auto","background-attachment":"scroll","background-type":"","background-media":"","overlay-type":"","overlay-color":"","overlay-opacity":"","overlay-gradient":""},"tablet":{"background-color":"var(--ast-global-color-5)","background-image":"","background-repeat":"repeat","background-position":"center center","background-size":"auto","background-attachment":"scroll","background-type":"","background-media":"","overlay-type":"","overlay-color":"","overlay-opacity":"","overlay-gradient":""},"mobile":{"background-color":"var(--ast-global-color-5)","background-image":"","background-repeat":"repeat","background-position":"center center","background-size":"auto","background-attachment":"scroll","background-type":"","background-media":"","overlay-type":"","overlay-color":"","overlay-opacity":"","overlay-gradient":""}},"footnotes":""},"yoast_head":"<!-- This site is optimized with the Yoast SEO plugin v22.8 - https:\/\/yoast.com\/wordpress\/plugins\/seo\/ -->\n<title>Legal Notice - Fiposor<\/title>\n<meta name=\"description\" content=\"Intellectual property rights, restrictions on the use of information and materials, limitation of liability, protection of personal data and general.\" \/>\n<meta name=\"robots\" content=\"index, follow, max-snippet:-1, max-image-preview:large, max-video-preview:-1\" \/>\n<link rel=\"canonical\" href=\"https:\/\/www.fiposor.si\/pravno-obvestilo\/\" \/>\n<meta property=\"og:locale\" content=\"en_US\" \/>\n<meta property=\"og:type\" content=\"article\" \/>\n<meta property=\"og:title\" content=\"Legal Notice - Fiposor\" \/>\n<meta property=\"og:description\" content=\"Intellectual property rights, restrictions on the use of information and materials, limitation of liability, protection of personal data and general.\" \/>\n<meta property=\"og:url\" content=\"https:\/\/www.fiposor.si\/pravno-obvestilo\/\" \/>\n<meta property=\"og:site_name\" content=\"Fiposor\" \/>\n<meta property=\"article:modified_time\" content=\"2022-03-22T13:54:10+00:00\" \/>\n<meta name=\"twitter:card\" content=\"summary_large_image\" \/>\n<meta name=\"twitter:label1\" content=\"Est. reading time\" \/>\n\t<meta name=\"twitter:data1\" content=\"3 minutes\" \/>\n<script type=\"application\/ld+json\" class=\"yoast-schema-graph\">{\"@context\":\"https:\/\/schema.org\",\"@graph\":[{\"@type\":\"WebPage\",\"@id\":\"https:\/\/www.fiposor.si\/pravno-obvestilo\/\",\"url\":\"https:\/\/www.fiposor.si\/pravno-obvestilo\/\",\"name\":\"Legal Notice - Fiposor\",\"isPartOf\":{\"@id\":\"https:\/\/www.fiposor.si\/#website\"},\"datePublished\":\"2022-03-22T13:02:16+00:00\",\"dateModified\":\"2022-03-22T13:54:10+00:00\",\"description\":\"Intellectual property rights, restrictions on the use of information and materials, limitation of liability, protection of personal data and general.\",\"breadcrumb\":{\"@id\":\"https:\/\/www.fiposor.si\/pravno-obvestilo\/#breadcrumb\"},\"inLanguage\":\"en-US\",\"potentialAction\":[{\"@type\":\"ReadAction\",\"target\":[\"https:\/\/www.fiposor.si\/pravno-obvestilo\/\"]}]},{\"@type\":\"BreadcrumbList\",\"@id\":\"https:\/\/www.fiposor.si\/pravno-obvestilo\/#breadcrumb\",\"itemListElement\":[{\"@type\":\"ListItem\",\"position\":1,\"name\":\"Home\",\"item\":\"https:\/\/www.fiposor.si\/\"},{\"@type\":\"ListItem\",\"position\":2,\"name\":\"Legal Notice\"}]},{\"@type\":\"WebSite\",\"@id\":\"https:\/\/www.fiposor.si\/#website\",\"url\":\"https:\/\/www.fiposor.si\/\",\"name\":\"Fiposor\",\"description\":\"Dru\u017eba za finan\u010dno poslovne storitve in dav\u010dno svetovanje\",\"publisher\":{\"@id\":\"https:\/\/www.fiposor.si\/#organization\"},\"potentialAction\":[{\"@type\":\"SearchAction\",\"target\":{\"@type\":\"EntryPoint\",\"urlTemplate\":\"https:\/\/www.fiposor.si\/?s={search_term_string}\"},\"query-input\":\"required name=search_term_string\"}],\"inLanguage\":\"en-US\"},{\"@type\":\"Organization\",\"@id\":\"https:\/\/www.fiposor.si\/#organization\",\"name\":\"Fiposor d.o.o.\",\"url\":\"https:\/\/www.fiposor.si\/\",\"logo\":{\"@type\":\"ImageObject\",\"inLanguage\":\"en-US\",\"@id\":\"https:\/\/www.fiposor.si\/#\/schema\/logo\/image\/\",\"url\":\"https:\/\/www.fiposor.si\/wp-content\/uploads\/2020\/11\/Fiposor-logo.jpg\",\"contentUrl\":\"https:\/\/www.fiposor.si\/wp-content\/uploads\/2020\/11\/Fiposor-logo.jpg\",\"width\":1999,\"height\":472,\"caption\":\"Fiposor d.o.o.\"},\"image\":{\"@id\":\"https:\/\/www.fiposor.si\/#\/schema\/logo\/image\/\"}}]}<\/script>\n<!-- \/ Yoast SEO plugin. -->","yoast_head_json":{"title":"Legal Notice - Fiposor","description":"Intellectual property rights, restrictions on the use of information and materials, limitation of liability, protection of personal data and general.","robots":{"index":"index","follow":"follow","max-snippet":"max-snippet:-1","max-image-preview":"max-image-preview:large","max-video-preview":"max-video-preview:-1"},"canonical":"https:\/\/www.fiposor.si\/pravno-obvestilo\/","og_locale":"en_US","og_type":"article","og_title":"Legal Notice - Fiposor","og_description":"Intellectual property rights, restrictions on the use of information and materials, limitation of liability, protection of personal data and general.","og_url":"https:\/\/www.fiposor.si\/pravno-obvestilo\/","og_site_name":"Fiposor","article_modified_time":"2022-03-22T13:54:10+00:00","twitter_card":"summary_large_image","twitter_misc":{"Est. reading time":"3 minutes"},"schema":{"@context":"https:\/\/schema.org","@graph":[{"@type":"WebPage","@id":"https:\/\/www.fiposor.si\/pravno-obvestilo\/","url":"https:\/\/www.fiposor.si\/pravno-obvestilo\/","name":"Legal Notice - Fiposor","isPartOf":{"@id":"https:\/\/www.fiposor.si\/#website"},"datePublished":"2022-03-22T13:02:16+00:00","dateModified":"2022-03-22T13:54:10+00:00","description":"Intellectual property rights, restrictions on the use of information and materials, limitation of liability, protection of personal data and general.","breadcrumb":{"@id":"https:\/\/www.fiposor.si\/pravno-obvestilo\/#breadcrumb"},"inLanguage":"en-US","potentialAction":[{"@type":"ReadAction","target":["https:\/\/www.fiposor.si\/pravno-obvestilo\/"]}]},{"@type":"BreadcrumbList","@id":"https:\/\/www.fiposor.si\/pravno-obvestilo\/#breadcrumb","itemListElement":[{"@type":"ListItem","position":1,"name":"Home","item":"https:\/\/www.fiposor.si\/"},{"@type":"ListItem","position":2,"name":"Legal Notice"}]},{"@type":"WebSite","@id":"https:\/\/www.fiposor.si\/#website","url":"https:\/\/www.fiposor.si\/","name":"Fiposor","description":"Dru\u017eba za finan\u010dno poslovne storitve in dav\u010dno svetovanje","publisher":{"@id":"https:\/\/www.fiposor.si\/#organization"},"potentialAction":[{"@type":"SearchAction","target":{"@type":"EntryPoint","urlTemplate":"https:\/\/www.fiposor.si\/?s={search_term_string}"},"query-input":"required name=search_term_string"}],"inLanguage":"en-US"},{"@type":"Organization","@id":"https:\/\/www.fiposor.si\/#organization","name":"Fiposor d.o.o.","url":"https:\/\/www.fiposor.si\/","logo":{"@type":"ImageObject","inLanguage":"en-US","@id":"https:\/\/www.fiposor.si\/#\/schema\/logo\/image\/","url":"https:\/\/www.fiposor.si\/wp-content\/uploads\/2020\/11\/Fiposor-logo.jpg","contentUrl":"https:\/\/www.fiposor.si\/wp-content\/uploads\/2020\/11\/Fiposor-logo.jpg","width":1999,"height":472,"caption":"Fiposor d.o.o."},"image":{"@id":"https:\/\/www.fiposor.si\/#\/schema\/logo\/image\/"}}]}},"_links":{"self":[{"href":"https:\/\/www.fiposor.si\/en\/wp-json\/wp\/v2\/pages\/1675"}],"collection":[{"href":"https:\/\/www.fiposor.si\/en\/wp-json\/wp\/v2\/pages"}],"about":[{"href":"https:\/\/www.fiposor.si\/en\/wp-json\/wp\/v2\/types\/page"}],"author":[{"embeddable":true,"href":"https:\/\/www.fiposor.si\/en\/wp-json\/wp\/v2\/users\/1"}],"replies":[{"embeddable":true,"href":"https:\/\/www.fiposor.si\/en\/wp-json\/wp\/v2\/comments?post=1675"}],"version-history":[{"count":4,"href":"https:\/\/www.fiposor.si\/en\/wp-json\/wp\/v2\/pages\/1675\/revisions"}],"predecessor-version":[{"id":1716,"href":"https:\/\/www.fiposor.si\/en\/wp-json\/wp\/v2\/pages\/1675\/revisions\/1716"}],"wp:attachment":[{"href":"https:\/\/www.fiposor.si\/en\/wp-json\/wp\/v2\/media?parent=1675"}],"curies":[{"name":"wp","href":"https:\/\/api.w.org\/{rel}","templated":true}]}}