{"id":1693,"date":"2022-03-22T14:18:16","date_gmt":"2022-03-22T13:18:16","guid":{"rendered":"https:\/\/www.fiposor.si\/career\/"},"modified":"2022-03-22T14:18:16","modified_gmt":"2022-03-22T13:18:16","slug":"career","status":"publish","type":"page","link":"https:\/\/www.fiposor.si\/en\/career\/","title":{"rendered":"Career"},"content":{"rendered":"\t\t<div data-elementor-type=\"wp-page\" data-elementor-id=\"1693\" class=\"elementor elementor-1693 elementor-54\" data-elementor-post-type=\"page\">\n\t\t\t\t\t\t<section class=\"elementor-section elementor-top-section elementor-element elementor-element-c3e0f5c elementor-section-boxed elementor-section-height-default elementor-section-height-default\" data-id=\"c3e0f5c\" data-element_type=\"section\">\n\t\t\t\t\t\t<div class=\"elementor-container elementor-column-gap-default\">\n\t\t\t\t\t<div class=\"elementor-column elementor-col-100 elementor-top-column elementor-element elementor-element-c36e0b0\" data-id=\"c36e0b0\" data-element_type=\"column\">\n\t\t\t<div class=\"elementor-widget-wrap elementor-element-populated\">\n\t\t\t\t\t\t<div class=\"elementor-element elementor-element-c7f0f67 elementor-widget elementor-widget-template\" data-id=\"c7f0f67\" data-element_type=\"widget\" data-widget_type=\"template.default\">\n\t\t\t\t<div class=\"elementor-widget-container\">\n\t\t\t\t\t<div class=\"elementor-template\">\n\t\t\t\t\t<div data-elementor-type=\"section\" data-elementor-id=\"1734\" class=\"elementor elementor-1734 elementor-187\" data-elementor-post-type=\"elementor_library\">\n\t\t\t\t\t<section class=\"elementor-section elementor-top-section elementor-element elementor-element-6e8f5c81 elementor-section-full_width elementor-section-height-default elementor-section-height-default\" data-id=\"6e8f5c81\" data-element_type=\"section\">\n\t\t\t\t\t\t<div class=\"elementor-container elementor-column-gap-default\">\n\t\t\t\t\t<div class=\"elementor-column elementor-col-100 elementor-top-column elementor-element elementor-element-70aaab9a\" data-id=\"70aaab9a\" data-element_type=\"column\">\n\t\t\t<div class=\"elementor-widget-wrap elementor-element-populated\">\n\t\t\t\t\t\t<div class=\"elementor-element elementor-element-1cfa5e00 elementor-widget-divider--view-line elementor-widget elementor-widget-divider\" data-id=\"1cfa5e00\" data-element_type=\"widget\" data-widget_type=\"divider.default\">\n\t\t\t\t<div class=\"elementor-widget-container\">\n\t\t\t<style>\/*! elementor - v3.21.0 - 26-05-2024 *\/\n.elementor-widget-divider{--divider-border-style:none;--divider-border-width:1px;--divider-color:#0c0d0e;--divider-icon-size:20px;--divider-element-spacing:10px;--divider-pattern-height:24px;--divider-pattern-size:20px;--divider-pattern-url:none;--divider-pattern-repeat:repeat-x}.elementor-widget-divider .elementor-divider{display:flex}.elementor-widget-divider .elementor-divider__text{font-size:15px;line-height:1;max-width:95%}.elementor-widget-divider .elementor-divider__element{margin:0 var(--divider-element-spacing);flex-shrink:0}.elementor-widget-divider .elementor-icon{font-size:var(--divider-icon-size)}.elementor-widget-divider .elementor-divider-separator{display:flex;margin:0;direction:ltr}.elementor-widget-divider--view-line_icon .elementor-divider-separator,.elementor-widget-divider--view-line_text .elementor-divider-separator{align-items:center}.elementor-widget-divider--view-line_icon .elementor-divider-separator:after,.elementor-widget-divider--view-line_icon .elementor-divider-separator:before,.elementor-widget-divider--view-line_text .elementor-divider-separator:after,.elementor-widget-divider--view-line_text .elementor-divider-separator:before{display:block;content:\"\";border-block-end:0;flex-grow:1;border-block-start:var(--divider-border-width) var(--divider-border-style) var(--divider-color)}.elementor-widget-divider--element-align-left .elementor-divider .elementor-divider-separator>.elementor-divider__svg:first-of-type{flex-grow:0;flex-shrink:100}.elementor-widget-divider--element-align-left .elementor-divider-separator:before{content:none}.elementor-widget-divider--element-align-left .elementor-divider__element{margin-left:0}.elementor-widget-divider--element-align-right .elementor-divider .elementor-divider-separator>.elementor-divider__svg:last-of-type{flex-grow:0;flex-shrink:100}.elementor-widget-divider--element-align-right .elementor-divider-separator:after{content:none}.elementor-widget-divider--element-align-right .elementor-divider__element{margin-right:0}.elementor-widget-divider--element-align-start .elementor-divider .elementor-divider-separator>.elementor-divider__svg:first-of-type{flex-grow:0;flex-shrink:100}.elementor-widget-divider--element-align-start .elementor-divider-separator:before{content:none}.elementor-widget-divider--element-align-start .elementor-divider__element{margin-inline-start:0}.elementor-widget-divider--element-align-end .elementor-divider .elementor-divider-separator>.elementor-divider__svg:last-of-type{flex-grow:0;flex-shrink:100}.elementor-widget-divider--element-align-end .elementor-divider-separator:after{content:none}.elementor-widget-divider--element-align-end .elementor-divider__element{margin-inline-end:0}.elementor-widget-divider:not(.elementor-widget-divider--view-line_text):not(.elementor-widget-divider--view-line_icon) .elementor-divider-separator{border-block-start:var(--divider-border-width) var(--divider-border-style) var(--divider-color)}.elementor-widget-divider--separator-type-pattern{--divider-border-style:none}.elementor-widget-divider--separator-type-pattern.elementor-widget-divider--view-line .elementor-divider-separator,.elementor-widget-divider--separator-type-pattern:not(.elementor-widget-divider--view-line) .elementor-divider-separator:after,.elementor-widget-divider--separator-type-pattern:not(.elementor-widget-divider--view-line) .elementor-divider-separator:before,.elementor-widget-divider--separator-type-pattern:not([class*=elementor-widget-divider--view]) .elementor-divider-separator{width:100%;min-height:var(--divider-pattern-height);-webkit-mask-size:var(--divider-pattern-size) 100%;mask-size:var(--divider-pattern-size) 100%;-webkit-mask-repeat:var(--divider-pattern-repeat);mask-repeat:var(--divider-pattern-repeat);background-color:var(--divider-color);-webkit-mask-image:var(--divider-pattern-url);mask-image:var(--divider-pattern-url)}.elementor-widget-divider--no-spacing{--divider-pattern-size:auto}.elementor-widget-divider--bg-round{--divider-pattern-repeat:round}.rtl .elementor-widget-divider .elementor-divider__text{direction:rtl}.e-con-inner>.elementor-widget-divider,.e-con>.elementor-widget-divider{width:var(--container-widget-width,100%);--flex-grow:var(--container-widget-flex-grow)}<\/style>\t\t<div class=\"elementor-divider\">\n\t\t\t<span class=\"elementor-divider-separator\">\n\t\t\t\t\t\t<\/span>\n\t\t<\/div>\n\t\t\t\t<\/div>\n\t\t\t\t<\/div>\n\t\t\t\t\t<\/div>\n\t\t<\/div>\n\t\t\t\t\t<\/div>\n\t\t<\/section>\n\t\t\t\t<\/div>\n\t\t\t\t<\/div>\n\t\t\t\t<\/div>\n\t\t\t\t<\/div>\n\t\t\t\t\t<\/div>\n\t\t<\/div>\n\t\t\t\t\t<\/div>\n\t\t<\/section>\n\t\t\t\t<section class=\"elementor-section elementor-top-section elementor-element elementor-element-66139d0 elementor-section-boxed elementor-section-height-default elementor-section-height-default\" data-id=\"66139d0\" data-element_type=\"section\">\n\t\t\t\t\t\t<div class=\"elementor-container elementor-column-gap-wide\">\n\t\t\t\t\t<div class=\"elementor-column elementor-col-50 elementor-top-column elementor-element elementor-element-71408bc\" data-id=\"71408bc\" data-element_type=\"column\">\n\t\t\t<div class=\"elementor-widget-wrap elementor-element-populated\">\n\t\t\t\t\t\t<div class=\"elementor-element elementor-element-dfd91eb elementor-widget elementor-widget-text-editor\" data-id=\"dfd91eb\" data-element_type=\"widget\" data-widget_type=\"text-editor.default\">\n\t\t\t\t<div class=\"elementor-widget-container\">\n\t\t\t<style>\/*! elementor - v3.21.0 - 26-05-2024 *\/\n.elementor-widget-text-editor.elementor-drop-cap-view-stacked .elementor-drop-cap{background-color:#69727d;color:#fff}.elementor-widget-text-editor.elementor-drop-cap-view-framed .elementor-drop-cap{color:#69727d;border:3px solid;background-color:transparent}.elementor-widget-text-editor:not(.elementor-drop-cap-view-default) .elementor-drop-cap{margin-top:8px}.elementor-widget-text-editor:not(.elementor-drop-cap-view-default) .elementor-drop-cap-letter{width:1em;height:1em}.elementor-widget-text-editor .elementor-drop-cap{float:left;text-align:center;line-height:1;font-size:50px}.elementor-widget-text-editor .elementor-drop-cap-letter{display:inline-block}<\/style>\t\t\t\tWe invite ambitious, competent and responsible professionals to join our team, who will contribute with their knowledge and experience to the fulfilment of our vision and the satisfaction of our customers.\r\n\r\nSend your CV and a letter of introduction to\u00a0<a href=\"mailto:info@fiposor.si\">info@fiposor.si<\/a> or use the postal address given below. We will read them with interest and get back to you.\r\n<h3><strong>FIPOSOR d.o.o.<\/strong><\/h3>\r\nCompany for finance and business services and tax consultancy\r\nKeren\u010di\u010dev trg 5a\r\n2270 ORMO\u017d\r\nSlovenia\r\n<h4><strong>We are looking forward to receiving your application!\u00a0<\/strong><\/h4>\t\t\t\t\t\t<\/div>\n\t\t\t\t<\/div>\n\t\t\t\t\t<\/div>\n\t\t<\/div>\n\t\t\t\t<div class=\"elementor-column elementor-col-50 elementor-top-column elementor-element elementor-element-d05dfce\" data-id=\"d05dfce\" data-element_type=\"column\">\n\t\t\t<div class=\"elementor-widget-wrap elementor-element-populated\">\n\t\t\t\t\t\t<div class=\"elementor-element elementor-element-d7f09ab elementor-widget elementor-widget-image\" data-id=\"d7f09ab\" data-element_type=\"widget\" data-widget_type=\"image.default\">\n\t\t\t\t<div class=\"elementor-widget-container\">\n\t\t\t<style>\/*! elementor - v3.21.0 - 26-05-2024 *\/\n.elementor-widget-image{text-align:center}.elementor-widget-image a{display:inline-block}.elementor-widget-image a img[src$=\".svg\"]{width:48px}.elementor-widget-image img{vertical-align:middle;display:inline-block}<\/style>\t\t\t\t\t\t\t\t\t\t<img fetchpriority=\"high\" decoding=\"async\" width=\"1024\" height=\"640\" src=\"https:\/\/www.fiposor.si\/wp-content\/uploads\/2020\/11\/congratulations-us-young-people-working-call-center-new-deals-is-coming-1-1024x640.jpg\" class=\"attachment-large size-large wp-image-1070\" alt=\"Klicni center\" srcset=\"https:\/\/www.fiposor.si\/wp-content\/uploads\/2020\/11\/congratulations-us-young-people-working-call-center-new-deals-is-coming-1-1024x640.jpg 1024w, https:\/\/www.fiposor.si\/wp-content\/uploads\/2020\/11\/congratulations-us-young-people-working-call-center-new-deals-is-coming-1-300x188.jpg 300w, https:\/\/www.fiposor.si\/wp-content\/uploads\/2020\/11\/congratulations-us-young-people-working-call-center-new-deals-is-coming-1-768x480.jpg 768w, https:\/\/www.fiposor.si\/wp-content\/uploads\/2020\/11\/congratulations-us-young-people-working-call-center-new-deals-is-coming-1-1536x960.jpg 1536w, https:\/\/www.fiposor.si\/wp-content\/uploads\/2020\/11\/congratulations-us-young-people-working-call-center-new-deals-is-coming-1.jpg 1600w\" sizes=\"(max-width: 1024px) 100vw, 1024px\" \/>\t\t\t\t\t\t\t\t\t\t\t\t\t<\/div>\n\t\t\t\t<\/div>\n\t\t\t\t\t<\/div>\n\t\t<\/div>\n\t\t\t\t\t<\/div>\n\t\t<\/section>\n\t\t\t\t<\/div>\n\t\t","protected":false},"excerpt":{"rendered":"<p>We invite ambitious, competent and responsible professionals to join our team, who will contribute with their knowledge and experience to the fulfilment of our vision and the satisfaction of our customers. Send your CV and a letter of introduction to\u00a0info@fiposor.si or use the postal address given below. We will read them with interest and get [&hellip;]<\/p>\n","protected":false},"author":1,"featured_media":0,"parent":0,"menu_order":0,"comment_status":"closed","ping_status":"closed","template":"","meta":{"site-sidebar-layout":"no-sidebar","site-content-layout":"page-builder","ast-site-content-layout":"","site-content-style":"default","site-sidebar-style":"default","ast-global-header-display":"","ast-banner-title-visibility":"","ast-main-header-display":"","ast-hfb-above-header-display":"","ast-hfb-below-header-display":"","ast-hfb-mobile-header-display":"","site-post-title":"disabled","ast-breadcrumbs-content":"","ast-featured-img":"disabled","footer-sml-layout":"","theme-transparent-header-meta":"default","adv-header-id-meta":"","stick-header-meta":"","header-above-stick-meta":"","header-main-stick-meta":"","header-below-stick-meta":"","astra-migrate-meta-layouts":"default","ast-page-background-enabled":"default","ast-page-background-meta":{"desktop":{"background-color":"","background-image":"","background-repeat":"repeat","background-position":"center center","background-size":"auto","background-attachment":"scroll","background-type":"","background-media":"","overlay-type":"","overlay-color":"","overlay-opacity":"","overlay-gradient":""},"tablet":{"background-color":"","background-image":"","background-repeat":"repeat","background-position":"center center","background-size":"auto","background-attachment":"scroll","background-type":"","background-media":"","overlay-type":"","overlay-color":"","overlay-opacity":"","overlay-gradient":""},"mobile":{"background-color":"","background-image":"","background-repeat":"repeat","background-position":"center center","background-size":"auto","background-attachment":"scroll","background-type":"","background-media":"","overlay-type":"","overlay-color":"","overlay-opacity":"","overlay-gradient":""}},"ast-content-background-meta":{"desktop":{"background-color":"var(--ast-global-color-5)","background-image":"","background-repeat":"repeat","background-position":"center center","background-size":"auto","background-attachment":"scroll","background-type":"","background-media":"","overlay-type":"","overlay-color":"","overlay-opacity":"","overlay-gradient":""},"tablet":{"background-color":"var(--ast-global-color-5)","background-image":"","background-repeat":"repeat","background-position":"center center","background-size":"auto","background-attachment":"scroll","background-type":"","background-media":"","overlay-type":"","overlay-color":"","overlay-opacity":"","overlay-gradient":""},"mobile":{"background-color":"var(--ast-global-color-5)","background-image":"","background-repeat":"repeat","background-position":"center center","background-size":"auto","background-attachment":"scroll","background-type":"","background-media":"","overlay-type":"","overlay-color":"","overlay-opacity":"","overlay-gradient":""}},"footnotes":""},"yoast_head":"<!-- This site is optimized with the Yoast SEO plugin v22.8 - https:\/\/yoast.com\/wordpress\/plugins\/seo\/ -->\n<title>Career - Fiposor<\/title>\n<meta name=\"description\" content=\"We invite ambitious, competent and responsible professionals to join our team, who will contribute with their knowledge and experience to the satisfaction of our customers.\" \/>\n<meta name=\"robots\" content=\"index, follow, max-snippet:-1, max-image-preview:large, max-video-preview:-1\" \/>\n<link rel=\"canonical\" href=\"https:\/\/www.fiposor.si\/zaposlitev\/\" \/>\n<meta property=\"og:locale\" content=\"en_US\" \/>\n<meta property=\"og:type\" content=\"article\" \/>\n<meta property=\"og:title\" content=\"Career - Fiposor\" \/>\n<meta property=\"og:description\" content=\"We invite ambitious, competent and responsible professionals to join our team, who will contribute with their knowledge and experience to the satisfaction of our customers.\" \/>\n<meta property=\"og:url\" content=\"https:\/\/www.fiposor.si\/zaposlitev\/\" \/>\n<meta property=\"og:site_name\" content=\"Fiposor\" \/>\n<meta property=\"og:image\" content=\"https:\/\/www.fiposor.si\/wp-content\/uploads\/2020\/11\/congratulations-us-young-people-working-call-center-new-deals-is-coming-1-1024x640.jpg\" \/>\n<meta name=\"twitter:card\" content=\"summary_large_image\" \/>\n<script type=\"application\/ld+json\" class=\"yoast-schema-graph\">{\"@context\":\"https:\/\/schema.org\",\"@graph\":[{\"@type\":\"WebPage\",\"@id\":\"https:\/\/www.fiposor.si\/zaposlitev\/\",\"url\":\"https:\/\/www.fiposor.si\/zaposlitev\/\",\"name\":\"Career - Fiposor\",\"isPartOf\":{\"@id\":\"https:\/\/www.fiposor.si\/#website\"},\"primaryImageOfPage\":{\"@id\":\"https:\/\/www.fiposor.si\/zaposlitev\/#primaryimage\"},\"image\":{\"@id\":\"https:\/\/www.fiposor.si\/zaposlitev\/#primaryimage\"},\"thumbnailUrl\":\"https:\/\/www.fiposor.si\/wp-content\/uploads\/2020\/11\/congratulations-us-young-people-working-call-center-new-deals-is-coming-1-1024x640.jpg\",\"datePublished\":\"2022-03-22T13:18:16+00:00\",\"dateModified\":\"2022-03-22T13:18:16+00:00\",\"description\":\"We invite ambitious, competent and responsible professionals to join our team, who will contribute with their knowledge and experience to the satisfaction of our customers.\",\"breadcrumb\":{\"@id\":\"https:\/\/www.fiposor.si\/zaposlitev\/#breadcrumb\"},\"inLanguage\":\"en-US\",\"potentialAction\":[{\"@type\":\"ReadAction\",\"target\":[\"https:\/\/www.fiposor.si\/zaposlitev\/\"]}]},{\"@type\":\"ImageObject\",\"inLanguage\":\"en-US\",\"@id\":\"https:\/\/www.fiposor.si\/zaposlitev\/#primaryimage\",\"url\":\"https:\/\/www.fiposor.si\/wp-content\/uploads\/2020\/11\/congratulations-us-young-people-working-call-center-new-deals-is-coming-1-1024x640.jpg\",\"contentUrl\":\"https:\/\/www.fiposor.si\/wp-content\/uploads\/2020\/11\/congratulations-us-young-people-working-call-center-new-deals-is-coming-1-1024x640.jpg\"},{\"@type\":\"BreadcrumbList\",\"@id\":\"https:\/\/www.fiposor.si\/zaposlitev\/#breadcrumb\",\"itemListElement\":[{\"@type\":\"ListItem\",\"position\":1,\"name\":\"Home\",\"item\":\"https:\/\/www.fiposor.si\/\"},{\"@type\":\"ListItem\",\"position\":2,\"name\":\"Career\"}]},{\"@type\":\"WebSite\",\"@id\":\"https:\/\/www.fiposor.si\/#website\",\"url\":\"https:\/\/www.fiposor.si\/\",\"name\":\"Fiposor\",\"description\":\"Dru\u017eba za finan\u010dno poslovne storitve in dav\u010dno svetovanje\",\"publisher\":{\"@id\":\"https:\/\/www.fiposor.si\/#organization\"},\"potentialAction\":[{\"@type\":\"SearchAction\",\"target\":{\"@type\":\"EntryPoint\",\"urlTemplate\":\"https:\/\/www.fiposor.si\/?s={search_term_string}\"},\"query-input\":\"required name=search_term_string\"}],\"inLanguage\":\"en-US\"},{\"@type\":\"Organization\",\"@id\":\"https:\/\/www.fiposor.si\/#organization\",\"name\":\"Fiposor d.o.o.\",\"url\":\"https:\/\/www.fiposor.si\/\",\"logo\":{\"@type\":\"ImageObject\",\"inLanguage\":\"en-US\",\"@id\":\"https:\/\/www.fiposor.si\/#\/schema\/logo\/image\/\",\"url\":\"https:\/\/www.fiposor.si\/wp-content\/uploads\/2020\/11\/Fiposor-logo.jpg\",\"contentUrl\":\"https:\/\/www.fiposor.si\/wp-content\/uploads\/2020\/11\/Fiposor-logo.jpg\",\"width\":1999,\"height\":472,\"caption\":\"Fiposor d.o.o.\"},\"image\":{\"@id\":\"https:\/\/www.fiposor.si\/#\/schema\/logo\/image\/\"}}]}<\/script>\n<!-- \/ Yoast SEO plugin. -->","yoast_head_json":{"title":"Career - Fiposor","description":"We invite ambitious, competent and responsible professionals to join our team, who will contribute with their knowledge and experience to the satisfaction of our customers.","robots":{"index":"index","follow":"follow","max-snippet":"max-snippet:-1","max-image-preview":"max-image-preview:large","max-video-preview":"max-video-preview:-1"},"canonical":"https:\/\/www.fiposor.si\/zaposlitev\/","og_locale":"en_US","og_type":"article","og_title":"Career - Fiposor","og_description":"We invite ambitious, competent and responsible professionals to join our team, who will contribute with their knowledge and experience to the satisfaction of our customers.","og_url":"https:\/\/www.fiposor.si\/zaposlitev\/","og_site_name":"Fiposor","og_image":[{"url":"https:\/\/www.fiposor.si\/wp-content\/uploads\/2020\/11\/congratulations-us-young-people-working-call-center-new-deals-is-coming-1-1024x640.jpg"}],"twitter_card":"summary_large_image","schema":{"@context":"https:\/\/schema.org","@graph":[{"@type":"WebPage","@id":"https:\/\/www.fiposor.si\/zaposlitev\/","url":"https:\/\/www.fiposor.si\/zaposlitev\/","name":"Career - Fiposor","isPartOf":{"@id":"https:\/\/www.fiposor.si\/#website"},"primaryImageOfPage":{"@id":"https:\/\/www.fiposor.si\/zaposlitev\/#primaryimage"},"image":{"@id":"https:\/\/www.fiposor.si\/zaposlitev\/#primaryimage"},"thumbnailUrl":"https:\/\/www.fiposor.si\/wp-content\/uploads\/2020\/11\/congratulations-us-young-people-working-call-center-new-deals-is-coming-1-1024x640.jpg","datePublished":"2022-03-22T13:18:16+00:00","dateModified":"2022-03-22T13:18:16+00:00","description":"We invite ambitious, competent and responsible professionals to join our team, who will contribute with their knowledge and experience to the satisfaction of our customers.","breadcrumb":{"@id":"https:\/\/www.fiposor.si\/zaposlitev\/#breadcrumb"},"inLanguage":"en-US","potentialAction":[{"@type":"ReadAction","target":["https:\/\/www.fiposor.si\/zaposlitev\/"]}]},{"@type":"ImageObject","inLanguage":"en-US","@id":"https:\/\/www.fiposor.si\/zaposlitev\/#primaryimage","url":"https:\/\/www.fiposor.si\/wp-content\/uploads\/2020\/11\/congratulations-us-young-people-working-call-center-new-deals-is-coming-1-1024x640.jpg","contentUrl":"https:\/\/www.fiposor.si\/wp-content\/uploads\/2020\/11\/congratulations-us-young-people-working-call-center-new-deals-is-coming-1-1024x640.jpg"},{"@type":"BreadcrumbList","@id":"https:\/\/www.fiposor.si\/zaposlitev\/#breadcrumb","itemListElement":[{"@type":"ListItem","position":1,"name":"Home","item":"https:\/\/www.fiposor.si\/"},{"@type":"ListItem","position":2,"name":"Career"}]},{"@type":"WebSite","@id":"https:\/\/www.fiposor.si\/#website","url":"https:\/\/www.fiposor.si\/","name":"Fiposor","description":"Dru\u017eba za finan\u010dno poslovne storitve in dav\u010dno svetovanje","publisher":{"@id":"https:\/\/www.fiposor.si\/#organization"},"potentialAction":[{"@type":"SearchAction","target":{"@type":"EntryPoint","urlTemplate":"https:\/\/www.fiposor.si\/?s={search_term_string}"},"query-input":"required name=search_term_string"}],"inLanguage":"en-US"},{"@type":"Organization","@id":"https:\/\/www.fiposor.si\/#organization","name":"Fiposor d.o.o.","url":"https:\/\/www.fiposor.si\/","logo":{"@type":"ImageObject","inLanguage":"en-US","@id":"https:\/\/www.fiposor.si\/#\/schema\/logo\/image\/","url":"https:\/\/www.fiposor.si\/wp-content\/uploads\/2020\/11\/Fiposor-logo.jpg","contentUrl":"https:\/\/www.fiposor.si\/wp-content\/uploads\/2020\/11\/Fiposor-logo.jpg","width":1999,"height":472,"caption":"Fiposor d.o.o."},"image":{"@id":"https:\/\/www.fiposor.si\/#\/schema\/logo\/image\/"}}]}},"_links":{"self":[{"href":"https:\/\/www.fiposor.si\/en\/wp-json\/wp\/v2\/pages\/1693"}],"collection":[{"href":"https:\/\/www.fiposor.si\/en\/wp-json\/wp\/v2\/pages"}],"about":[{"href":"https:\/\/www.fiposor.si\/en\/wp-json\/wp\/v2\/types\/page"}],"author":[{"embeddable":true,"href":"https:\/\/www.fiposor.si\/en\/wp-json\/wp\/v2\/users\/1"}],"replies":[{"embeddable":true,"href":"https:\/\/www.fiposor.si\/en\/wp-json\/wp\/v2\/comments?post=1693"}],"version-history":[{"count":1,"href":"https:\/\/www.fiposor.si\/en\/wp-json\/wp\/v2\/pages\/1693\/revisions"}],"predecessor-version":[{"id":1694,"href":"https:\/\/www.fiposor.si\/en\/wp-json\/wp\/v2\/pages\/1693\/revisions\/1694"}],"wp:attachment":[{"href":"https:\/\/www.fiposor.si\/en\/wp-json\/wp\/v2\/media?parent=1693"}],"curies":[{"name":"wp","href":"https:\/\/api.w.org\/{rel}","templated":true}]}}